{"id":2467,"date":"2025-03-05T19:20:45","date_gmt":"2025-03-05T19:20:45","guid":{"rendered":"https:\/\/condominiolosquillayes.cl\/?page_id=2467"},"modified":"2025-03-05T19:47:20","modified_gmt":"2025-03-05T19:47:20","slug":"bienvenidos-a-condominio-los-quillayes","status":"publish","type":"page","link":"https:\/\/condominiolosquillayes.cl\/","title":{"rendered":"Bienvenidas y Bienvenidos"},"content":{"rendered":"\n<p>En <strong>Condominio Los Quillayes<\/strong>, valoramos la convivencia, el respeto y el bienestar de nuestra comunidad.<\/p>\n\n\n\n<p>Nuestro compromiso es mantener un ambiente acogedor, rodeado de paisajes naturales y \u00e1reas comunes dise\u00f1adas para el descanso y la recreaci\u00f3n. Invitamos a todos nuestros residentes y visitantes a disfrutar de este hermoso entorno con responsabilidad, respetando las normas de seguridad y cuidado del medioambiente.<\/p>\n\n\n\n<p>\u00a1Gracias por ser parte de nuestra comunidad!<\/p>\n\n\n\n<p>Comit\u00e9 de <strong>Administraci\u00f3n Condominio Los Quillayes<\/strong><\/p>\n","protected":false},"excerpt":{"rendered":"<p>En Condominio Los Quillayes, valoramos la convivencia, el respeto y el bienestar de nuestra comunidad. Nuestro compromiso es mantener un ambiente acogedor, rodeado de paisajes naturales y \u00e1reas comunes dise\u00f1adas para el descanso y la recreaci\u00f3n. Invitamos a todos nuestros residentes y visitantes a disfrutar de este hermoso entorno con responsabilidad, respetando las normas de [&hellip;]<\/p>\n","protected":false},"author":1,"featured_media":2468,"parent":0,"menu_order":0,"comment_status":"closed","ping_status":"closed","template":"","meta":{"footnotes":""},"class_list":["post-2467","page","type-page","status-publish","has-post-thumbnail","hentry"],"_links":{"self":[{"href":"https:\/\/condominiolosquillayes.cl\/index.php\/wp-json\/wp\/v2\/pages\/2467","targetHints":{"allow":["GET"]}}],"collection":[{"href":"https:\/\/condominiolosquillayes.cl\/index.php\/wp-json\/wp\/v2\/pages"}],"about":[{"href":"https:\/\/condominiolosquillayes.cl\/index.php\/wp-json\/wp\/v2\/types\/page"}],"author":[{"embeddable":true,"href":"https:\/\/condominiolosquillayes.cl\/index.php\/wp-json\/wp\/v2\/users\/1"}],"replies":[{"embeddable":true,"href":"https:\/\/condominiolosquillayes.cl\/index.php\/wp-json\/wp\/v2\/comments?post=2467"}],"version-history":[{"count":3,"href":"https:\/\/condominiolosquillayes.cl\/index.php\/wp-json\/wp\/v2\/pages\/2467\/revisions"}],"predecessor-version":[{"id":2477,"href":"https:\/\/condominiolosquillayes.cl\/index.php\/wp-json\/wp\/v2\/pages\/2467\/revisions\/2477"}],"wp:featuredmedia":[{"embeddable":true,"href":"https:\/\/condominiolosquillayes.cl\/index.php\/wp-json\/wp\/v2\/media\/2468"}],"wp:attachment":[{"href":"https:\/\/condominiolosquillayes.cl\/index.php\/wp-json\/wp\/v2\/media?parent=2467"}],"curies":[{"name":"wp","href":"https:\/\/api.w.org\/{rel}","templated":true}]}}